{"id":47,"date":"2015-02-08T21:25:55","date_gmt":"2015-02-08T21:25:55","guid":{"rendered":"http:\/\/upsaude.net.br\/site\/?page_id=47"},"modified":"2022-07-06T19:49:18","modified_gmt":"2022-07-06T19:49:18","slug":"visao","status":"publish","type":"page","link":"http:\/\/upsaude.net.br\/site\/visao\/","title":{"rendered":"Vis\u00e3o"},"content":{"rendered":"\t\t<div data-elementor-type=\"wp-page\" data-elementor-id=\"47\" class=\"elementor elementor-47\">\n\t\t\t\t\t\t<section class=\"elementor-section elementor-top-section elementor-element elementor-element-5c4d422 elementor-section-boxed elementor-section-height-default elementor-section-height-default\" data-id=\"5c4d422\" data-element_type=\"section\" data-e-type=\"section\">\n\t\t\t\t\t\t<div class=\"elementor-container elementor-column-gap-default\">\n\t\t\t\t\t<div class=\"elementor-column elementor-col-100 elementor-top-column elementor-element elementor-element-b048e00\" data-id=\"b048e00\" data-element_type=\"column\" data-e-type=\"column\">\n\t\t\t<div class=\"elementor-widget-wrap elementor-element-populated\">\n\t\t\t\t\t\t<div class=\"elementor-element elementor-element-92ce88f elementor-invisible elementor-widget elementor-widget-text-editor\" data-id=\"92ce88f\" data-element_type=\"widget\" data-e-type=\"widget\" data-settings=\"{&quot;_animation&quot;:&quot;fadeIn&quot;}\" data-widget_type=\"text-editor.default\">\n\t\t\t\t\t\t\t\t\t<p><strong style=\"text-align: center;\"><img fetchpriority=\"high\" decoding=\"async\" class=\"alignnone size-medium wp-image-1731\" src=\"http:\/\/upsaude.net.br\/site\/wp-content\/uploads\/2022\/07\/VISAO2-1-1024x1024-1-300x300.png\" alt=\"\" width=\"300\" height=\"300\" srcset=\"http:\/\/upsaude.net.br\/site\/wp-content\/uploads\/2022\/07\/VISAO2-1-1024x1024-1-300x300.png 300w, http:\/\/upsaude.net.br\/site\/wp-content\/uploads\/2022\/07\/VISAO2-1-1024x1024-1.png 1024w, http:\/\/upsaude.net.br\/site\/wp-content\/uploads\/2022\/07\/VISAO2-1-1024x1024-1-150x150.png 150w, http:\/\/upsaude.net.br\/site\/wp-content\/uploads\/2022\/07\/VISAO2-1-1024x1024-1-768x768.png 768w, http:\/\/upsaude.net.br\/site\/wp-content\/uploads\/2022\/07\/VISAO2-1-1024x1024-1-920x920.png 920w, http:\/\/upsaude.net.br\/site\/wp-content\/uploads\/2022\/07\/VISAO2-1-1024x1024-1-230x230.png 230w, http:\/\/upsaude.net.br\/site\/wp-content\/uploads\/2022\/07\/VISAO2-1-1024x1024-1-350x350.png 350w, http:\/\/upsaude.net.br\/site\/wp-content\/uploads\/2022\/07\/VISAO2-1-1024x1024-1-480x480.png 480w\" sizes=\"(max-width: 300px) 100vw, 300px\" \/><\/strong><\/p>\n<p><strong style=\"text-align: center;\">\u00a0<\/strong><strong style=\"text-align: center;\">Se tornar refer\u00eancia nacional no desenvolvimento de solu\u00e7\u00f5es tecnol\u00f3gicas e consultoria em servi\u00e7os de sa\u00fade.<\/strong><\/p>\n\t\t\t\t\t\t\t\t<\/div>\n\t\t\t\t\t<\/div>\n\t\t<\/div>\n\t\t\t\t\t<\/div>\n\t\t<\/section>\n\t\t\t\t<\/div>\n\t\t","protected":false},"excerpt":{"rendered":"<p>\u00a0Se tornar refer\u00eancia nacional no desenvolvimento de solu\u00e7\u00f5es tecnol\u00f3gicas e consultoria em [&hellip;]<\/p>\n","protected":false},"author":1,"featured_media":0,"parent":0,"menu_order":0,"comment_status":"closed","ping_status":"closed","template":"","meta":{"_monsterinsights_skip_tracking":false,"_monsterinsights_sitenote_active":false,"_monsterinsights_sitenote_note":"","_monsterinsights_sitenote_category":0,"footnotes":""},"class_list":["post-47","page","type-page","status-publish","hentry"],"_links":{"self":[{"href":"http:\/\/upsaude.net.br\/site\/wp-json\/wp\/v2\/pages\/47","targetHints":{"allow":["GET"]}}],"collection":[{"href":"http:\/\/upsaude.net.br\/site\/wp-json\/wp\/v2\/pages"}],"about":[{"href":"http:\/\/upsaude.net.br\/site\/wp-json\/wp\/v2\/types\/page"}],"author":[{"embeddable":true,"href":"http:\/\/upsaude.net.br\/site\/wp-json\/wp\/v2\/users\/1"}],"replies":[{"embeddable":true,"href":"http:\/\/upsaude.net.br\/site\/wp-json\/wp\/v2\/comments?post=47"}],"version-history":[{"count":11,"href":"http:\/\/upsaude.net.br\/site\/wp-json\/wp\/v2\/pages\/47\/revisions"}],"predecessor-version":[{"id":1751,"href":"http:\/\/upsaude.net.br\/site\/wp-json\/wp\/v2\/pages\/47\/revisions\/1751"}],"wp:attachment":[{"href":"http:\/\/upsaude.net.br\/site\/wp-json\/wp\/v2\/media?parent=47"}],"curies":[{"name":"wp","href":"https:\/\/api.w.org\/{rel}","templated":true}]}}