{"id":481,"date":"2013-09-04T05:11:59","date_gmt":"2013-09-04T05:11:59","guid":{"rendered":"http:\/\/themes.multipixels.net\/baractic\/?page_id=478"},"modified":"2022-07-06T00:48:50","modified_gmt":"2022-07-06T00:48:50","slug":"event-page","status":"publish","type":"page","link":"http:\/\/upsaude.net.br\/site\/event-page\/","title":{"rendered":"Event page"},"content":{"rendered":"<p><strong><a href=\"http:\/\/upsaude.net.br\/site\/wp-content\/uploads\/2015\/02\/download-1.jpg\"><img decoding=\"async\" class=\"alignnone  wp-image-660\" src=\"http:\/\/upsaude.net.br\/site\/wp-content\/uploads\/2015\/02\/download-1.jpg\" alt=\"download (1)\" width=\"100\" height=\"65\" \/><\/a>\u00a0 \u00a0 \u00a0\u00a0<\/strong><\/p>\n<p><strong>Capacita\u00e7\u00e3o Tabwin<\/strong><\/p>\n<p>Data:<\/p>\n<p>Hor\u00e1rio:<\/p>\n<p>Local:<\/p>\n<p>Publico Alvo:<\/p>\n<p>&nbsp;<\/p>\n<p>&nbsp;<\/p>\n<p><strong><a href=\"http:\/\/upsaude.net.br\/site\/wp-content\/uploads\/2015\/02\/CNES.png\"><img decoding=\"async\" class=\"alignnone  wp-image-662\" src=\"http:\/\/upsaude.net.br\/site\/wp-content\/uploads\/2015\/02\/CNES.png\" alt=\"CNES\" width=\"103\" height=\"78\" \/><\/a>\u00a0 \u00a0 \u00a0 <\/strong><\/p>\n<p><strong>Capacita\u00e7\u00e3o\u00a0CNES<\/strong><\/p>\n<p>Data:<\/p>\n<p>Hor\u00e1rio:<\/p>\n<p>Local:<\/p>\n<p>Publico Alvo:<\/p>\n<p>&nbsp;<\/p>\n<p>&nbsp;<\/p>\n<p><strong><a href=\"http:\/\/upsaude.net.br\/site\/wp-content\/uploads\/2015\/02\/siasus.jpg\"><img decoding=\"async\" class=\"alignnone  wp-image-663\" src=\"http:\/\/upsaude.net.br\/site\/wp-content\/uploads\/2015\/02\/siasus.jpg\" alt=\"siasus\" width=\"101\" height=\"67\" \/><\/a>\u00a0 \u00a0 \u00a0 <\/strong><\/p>\n<p><strong>Capacita\u00e7\u00e3o\u00a0SIA\/SUS<\/strong><\/p>\n<p>Data:<\/p>\n<p>Hor\u00e1rio:<\/p>\n<p>Local:<\/p>\n<p>Publico Alvo:<\/p>\n<p>&nbsp;<\/p>\n<p><strong><a href=\"http:\/\/upsaude.net.br\/site\/wp-content\/uploads\/2015\/02\/SIHD.png\"><img loading=\"lazy\" decoding=\"async\" class=\"alignnone  wp-image-664\" src=\"http:\/\/upsaude.net.br\/site\/wp-content\/uploads\/2015\/02\/SIHD.png\" alt=\"SIHD\" width=\"106\" height=\"50\" \/><\/a>\u00a0 \u00a0 \u00a0<\/strong><\/p>\n<p><strong> Capacita\u00e7\u00e3o\u00a0SIHD\/SUS<\/strong><\/p>\n<p>Data:<\/p>\n<p>Hor\u00e1rio:<\/p>\n<p>Local:<\/p>\n<p>Publico Alvo:<\/p>\n<p>&nbsp;<\/p>\n<p><strong><img loading=\"lazy\" decoding=\"async\" class=\"alignnone  wp-image-666\" src=\"http:\/\/upsaude.net.br\/site\/wp-content\/uploads\/2015\/02\/bpa-300x162.png\" alt=\"bpa\" width=\"104\" height=\"56\" srcset=\"http:\/\/upsaude.net.br\/site\/wp-content\/uploads\/2015\/02\/bpa-300x162.png 300w, http:\/\/upsaude.net.br\/site\/wp-content\/uploads\/2015\/02\/bpa.png 413w\" sizes=\"(max-width: 104px) 100vw, 104px\" \/><\/strong><\/p>\n<p><strong>Capacita\u00e7\u00e3o BPA\/SUS<\/strong><\/p>\n<p>Data:<\/p>\n<p>Hor\u00e1rio:<\/p>\n<p>Local:<\/p>\n<p>Publico Alvo:<\/p>\n<p>&nbsp;<\/p>\n<p><strong><a href=\"http:\/\/upsaude.net.br\/site\/wp-content\/uploads\/2015\/02\/SISAIH01.png\"><img loading=\"lazy\" decoding=\"async\" class=\"alignnone  wp-image-667\" src=\"http:\/\/upsaude.net.br\/site\/wp-content\/uploads\/2015\/02\/SISAIH01-300x73.png\" alt=\"SISAIH01\" width=\"107\" height=\"26\" srcset=\"http:\/\/upsaude.net.br\/site\/wp-content\/uploads\/2015\/02\/SISAIH01-300x73.png 300w, http:\/\/upsaude.net.br\/site\/wp-content\/uploads\/2015\/02\/SISAIH01.png 372w\" sizes=\"(max-width: 107px) 100vw, 107px\" \/><\/a><\/strong><\/p>\n<p><strong>Capacita\u00e7\u00e3o SISAIH01\/SUS<\/strong><\/p>\n<p>Data:<\/p>\n<p>Hor\u00e1rio:<\/p>\n<p>Local:<\/p>\n<p>Publico Alvo:<\/p>\n<p>&nbsp;<\/p>\n<p>&nbsp;<\/p>\n","protected":false},"excerpt":{"rendered":"<p>\u00a0 \u00a0 \u00a0\u00a0 Capacita\u00e7\u00e3o Tabwin Data: Hor\u00e1rio: Local: Publico Alvo: &nbsp; &nbsp; [&hellip;]<\/p>\n","protected":false},"author":1,"featured_media":0,"parent":0,"menu_order":0,"comment_status":"closed","ping_status":"closed","template":"","meta":{"_monsterinsights_skip_tracking":false,"_monsterinsights_sitenote_active":false,"_monsterinsights_sitenote_note":"","_monsterinsights_sitenote_category":0,"footnotes":""},"class_list":["post-481","page","type-page","status-publish","hentry"],"_links":{"self":[{"href":"http:\/\/upsaude.net.br\/site\/wp-json\/wp\/v2\/pages\/481","targetHints":{"allow":["GET"]}}],"collection":[{"href":"http:\/\/upsaude.net.br\/site\/wp-json\/wp\/v2\/pages"}],"about":[{"href":"http:\/\/upsaude.net.br\/site\/wp-json\/wp\/v2\/types\/page"}],"author":[{"embeddable":true,"href":"http:\/\/upsaude.net.br\/site\/wp-json\/wp\/v2\/users\/1"}],"replies":[{"embeddable":true,"href":"http:\/\/upsaude.net.br\/site\/wp-json\/wp\/v2\/comments?post=481"}],"version-history":[{"count":5,"href":"http:\/\/upsaude.net.br\/site\/wp-json\/wp\/v2\/pages\/481\/revisions"}],"predecessor-version":[{"id":668,"href":"http:\/\/upsaude.net.br\/site\/wp-json\/wp\/v2\/pages\/481\/revisions\/668"}],"wp:attachment":[{"href":"http:\/\/upsaude.net.br\/site\/wp-json\/wp\/v2\/media?parent=481"}],"curies":[{"name":"wp","href":"https:\/\/api.w.org\/{rel}","templated":true}]}}