{"id":573,"date":"2012-12-19T05:44:20","date_gmt":"2012-12-19T05:44:20","guid":{"rendered":"http:\/\/themes.multipixels.net\/mark2\/?page_id=11"},"modified":"2022-07-06T20:01:51","modified_gmt":"2022-07-06T20:01:51","slug":"about-us","status":"publish","type":"page","link":"http:\/\/upsaude.net.br\/site\/about-us\/","title":{"rendered":"Sobre"},"content":{"rendered":"\t\t<div data-elementor-type=\"wp-page\" data-elementor-id=\"573\" class=\"elementor elementor-573\">\n\t\t\t\t\t\t<section class=\"elementor-section elementor-top-section elementor-element elementor-element-56ee7087 elementor-section-boxed elementor-section-height-default elementor-section-height-default\" data-id=\"56ee7087\" data-element_type=\"section\" data-e-type=\"section\">\n\t\t\t\t\t\t<div class=\"elementor-container elementor-column-gap-default\">\n\t\t\t\t\t<div class=\"elementor-column elementor-col-100 elementor-top-column elementor-element elementor-element-2f857ceb\" data-id=\"2f857ceb\" data-element_type=\"column\" data-e-type=\"column\">\n\t\t\t<div class=\"elementor-widget-wrap elementor-element-populated\">\n\t\t\t\t\t\t<div class=\"elementor-element elementor-element-65eb8e3c elementor-invisible elementor-widget elementor-widget-text-editor\" data-id=\"65eb8e3c\" data-element_type=\"widget\" data-e-type=\"widget\" data-settings=\"{&quot;_animation&quot;:&quot;fadeIn&quot;}\" data-widget_type=\"text-editor.default\">\n\t\t\t\t\t\t\t\t\t<div class=\"about_p_wrapper_holder\" style=\"text-align: justify;\"><img fetchpriority=\"high\" decoding=\"async\" class=\"alignnone size-medium wp-image-1756\" src=\"http:\/\/upsaude.net.br\/site\/wp-content\/uploads\/2022\/07\/Fernandojpeg-220x300.jpg\" alt=\"\" width=\"220\" height=\"300\" srcset=\"http:\/\/upsaude.net.br\/site\/wp-content\/uploads\/2022\/07\/Fernandojpeg-220x300.jpg 220w, http:\/\/upsaude.net.br\/site\/wp-content\/uploads\/2022\/07\/Fernandojpeg-230x314.jpg 230w, http:\/\/upsaude.net.br\/site\/wp-content\/uploads\/2022\/07\/Fernandojpeg-350x478.jpg 350w, http:\/\/upsaude.net.br\/site\/wp-content\/uploads\/2022\/07\/Fernandojpeg.jpg 449w\" sizes=\"(max-width: 220px) 100vw, 220px\" \/><\/div>\n<div class=\"about_p_wrapper_holder\" style=\"text-align: justify;\"><b>&nbsp;&nbsp;<\/b><\/div>\n<div class=\"about_p_wrapper_holder\" style=\"text-align: justify;\"><b>Somos uma empresa, que j\u00e1 nasceu trazendo consigo a &nbsp;experi\u00eancia de 20 anos de servi\u00e7os prestados no Sistema &nbsp;\u00danico de Sa\u00fade &#8211; SUS de seu s\u00f3cio fundador. Fernando &nbsp;Oliveira Andrade, formado em Sistemas de Informa\u00e7\u00e3o, pela Universidade Est\u00e1cio de S\u00e1 &#8211; Salvador\/Ba, esteve presente em todas as discuss\u00f5es, referente aos sistemas de faturamento, processamento e dissemina\u00e7\u00e3o da informa\u00e7\u00e3o junto ao Minist\u00e9rio da Sa\u00fade nos \u00faltimos 20 anos, representando tanto os interesses dos munic\u00edpios quanto da Secretaria da Sa\u00fade do Estado da Bahia. Dispomos de uma equipe de profissionais qualificados e com experi\u00eancia comprovada para juntos encontrarmos as melhores solu\u00e7\u00f5es para atender demandas de nossos clientes.<\/b><\/div>\n\t\t\t\t\t\t\t\t<\/div>\n\t\t\t\t\t<\/div>\n\t\t<\/div>\n\t\t\t\t\t<\/div>\n\t\t<\/section>\n\t\t\t\t<\/div>\n\t\t","protected":false},"excerpt":{"rendered":"<p>&nbsp;&nbsp; Somos uma empresa, que j\u00e1 nasceu trazendo consigo a &nbsp;experi\u00eancia de [&hellip;]<\/p>\n","protected":false},"author":1,"featured_media":0,"parent":0,"menu_order":0,"comment_status":"closed","ping_status":"closed","template":"","meta":{"_monsterinsights_skip_tracking":false,"_monsterinsights_sitenote_active":false,"_monsterinsights_sitenote_note":"","_monsterinsights_sitenote_category":0,"footnotes":""},"class_list":["post-573","page","type-page","status-publish","hentry"],"_links":{"self":[{"href":"http:\/\/upsaude.net.br\/site\/wp-json\/wp\/v2\/pages\/573","targetHints":{"allow":["GET"]}}],"collection":[{"href":"http:\/\/upsaude.net.br\/site\/wp-json\/wp\/v2\/pages"}],"about":[{"href":"http:\/\/upsaude.net.br\/site\/wp-json\/wp\/v2\/types\/page"}],"author":[{"embeddable":true,"href":"http:\/\/upsaude.net.br\/site\/wp-json\/wp\/v2\/users\/1"}],"replies":[{"embeddable":true,"href":"http:\/\/upsaude.net.br\/site\/wp-json\/wp\/v2\/comments?post=573"}],"version-history":[{"count":13,"href":"http:\/\/upsaude.net.br\/site\/wp-json\/wp\/v2\/pages\/573\/revisions"}],"predecessor-version":[{"id":1757,"href":"http:\/\/upsaude.net.br\/site\/wp-json\/wp\/v2\/pages\/573\/revisions\/1757"}],"wp:attachment":[{"href":"http:\/\/upsaude.net.br\/site\/wp-json\/wp\/v2\/media?parent=573"}],"curies":[{"name":"wp","href":"https:\/\/api.w.org\/{rel}","templated":true}]}}