{"id":628,"date":"2015-02-09T03:31:23","date_gmt":"2015-02-09T03:31:23","guid":{"rendered":"http:\/\/upsaude.net.br\/site\/?page_id=628"},"modified":"2022-07-06T19:50:04","modified_gmt":"2022-07-06T19:50:04","slug":"missao","status":"publish","type":"page","link":"http:\/\/upsaude.net.br\/site\/missao\/","title":{"rendered":"Miss\u00e3o"},"content":{"rendered":"\t\t<div data-elementor-type=\"wp-page\" data-elementor-id=\"628\" class=\"elementor elementor-628\">\n\t\t\t\t\t\t<section class=\"elementor-section elementor-top-section elementor-element elementor-element-7065c84c elementor-section-boxed elementor-section-height-default elementor-section-height-default\" data-id=\"7065c84c\" data-element_type=\"section\" data-e-type=\"section\">\n\t\t\t\t\t\t<div class=\"elementor-container elementor-column-gap-default\">\n\t\t\t\t\t<div class=\"elementor-column elementor-col-100 elementor-top-column elementor-element elementor-element-1da77333\" data-id=\"1da77333\" data-element_type=\"column\" data-e-type=\"column\">\n\t\t\t<div class=\"elementor-widget-wrap elementor-element-populated\">\n\t\t\t\t\t\t<div class=\"elementor-element elementor-element-5422bb2f elementor-invisible elementor-widget elementor-widget-text-editor\" data-id=\"5422bb2f\" data-element_type=\"widget\" data-e-type=\"widget\" data-settings=\"{&quot;_animation&quot;:&quot;fadeIn&quot;}\" data-widget_type=\"text-editor.default\">\n\t\t\t\t\t\t\t\t\t<\/p>\n<p><img fetchpriority=\"high\" decoding=\"async\" class=\"alignnone size-medium wp-image-1729\" src=\"http:\/\/upsaude.net.br\/site\/wp-content\/uploads\/2022\/07\/MISSAO2-300x300-1-300x300.png\" alt=\"\" width=\"300\" height=\"300\" srcset=\"http:\/\/upsaude.net.br\/site\/wp-content\/uploads\/2022\/07\/MISSAO2-300x300-1.png 300w, http:\/\/upsaude.net.br\/site\/wp-content\/uploads\/2022\/07\/MISSAO2-300x300-1-150x150.png 150w, http:\/\/upsaude.net.br\/site\/wp-content\/uploads\/2022\/07\/MISSAO2-300x300-1-230x230.png 230w\" sizes=\"(max-width: 300px) 100vw, 300px\" \/><\/p>\n<p style=\"text-align: justify;\"><b>Fornecer solu\u00e7\u00f5es tecnol\u00f3gicas e&nbsp;consultoria em sa\u00fade a todos os clientes com compet\u00eancia, objetividade e comprometimento, construindo assim, uma hist\u00f3ria de sucesso, com&nbsp;respeito e transpar\u00eancia.<\/b><\/p>\n\t\t\t\t\t\t\t\t<\/div>\n\t\t\t\t\t<\/div>\n\t\t<\/div>\n\t\t\t\t\t<\/div>\n\t\t<\/section>\n\t\t\t\t<\/div>\n\t\t","protected":false},"excerpt":{"rendered":"<p>Fornecer solu\u00e7\u00f5es tecnol\u00f3gicas e&nbsp;consultoria em sa\u00fade a todos os clientes com compet\u00eancia, [&hellip;]<\/p>\n","protected":false},"author":1,"featured_media":0,"parent":0,"menu_order":0,"comment_status":"closed","ping_status":"closed","template":"elementor_theme","meta":{"_monsterinsights_skip_tracking":false,"_monsterinsights_sitenote_active":false,"_monsterinsights_sitenote_note":"","_monsterinsights_sitenote_category":0,"footnotes":""},"class_list":["post-628","page","type-page","status-publish","hentry"],"_links":{"self":[{"href":"http:\/\/upsaude.net.br\/site\/wp-json\/wp\/v2\/pages\/628","targetHints":{"allow":["GET"]}}],"collection":[{"href":"http:\/\/upsaude.net.br\/site\/wp-json\/wp\/v2\/pages"}],"about":[{"href":"http:\/\/upsaude.net.br\/site\/wp-json\/wp\/v2\/types\/page"}],"author":[{"embeddable":true,"href":"http:\/\/upsaude.net.br\/site\/wp-json\/wp\/v2\/users\/1"}],"replies":[{"embeddable":true,"href":"http:\/\/upsaude.net.br\/site\/wp-json\/wp\/v2\/comments?post=628"}],"version-history":[{"count":12,"href":"http:\/\/upsaude.net.br\/site\/wp-json\/wp\/v2\/pages\/628\/revisions"}],"predecessor-version":[{"id":1752,"href":"http:\/\/upsaude.net.br\/site\/wp-json\/wp\/v2\/pages\/628\/revisions\/1752"}],"wp:attachment":[{"href":"http:\/\/upsaude.net.br\/site\/wp-json\/wp\/v2\/media?parent=628"}],"curies":[{"name":"wp","href":"https:\/\/api.w.org\/{rel}","templated":true}]}}